{"id":25,"date":"2020-10-07T19:42:11","date_gmt":"2020-10-07T17:42:11","guid":{"rendered":"http:\/\/entreprisefontaine-p2c.com\/?page_id=25"},"modified":"2021-03-24T18:47:38","modified_gmt":"2021-03-24T17:47:38","slug":"chauffage","status":"publish","type":"page","link":"https:\/\/entreprisefontaine-p2c.com\/index.php\/chauffage\/","title":{"rendered":"Chauffage"},"content":{"rendered":"\n<div style=\"height:35px\" aria-hidden=\"true\" class=\"wp-block-spacer\"><\/div>\n\n\n\n<div class=\"wp-block-media-text alignwide is-stacked-on-mobile\" style=\"grid-template-columns:21% auto\"><figure class=\"wp-block-media-text__media\"><img loading=\"lazy\" width=\"662\" height=\"1024\" src=\"http:\/\/entreprisefontaine-p2c.com\/wp-content\/uploads\/2021\/03\/Chauffage01-1-662x1024.jpg\" alt=\"\" class=\"wp-image-371 size-full\" srcset=\"https:\/\/entreprisefontaine-p2c.com\/wp-content\/uploads\/2021\/03\/Chauffage01-1-662x1024.jpg 662w, https:\/\/entreprisefontaine-p2c.com\/wp-content\/uploads\/2021\/03\/Chauffage01-1-194x300.jpg 194w, https:\/\/entreprisefontaine-p2c.com\/wp-content\/uploads\/2021\/03\/Chauffage01-1-768x1187.jpg 768w, https:\/\/entreprisefontaine-p2c.com\/wp-content\/uploads\/2021\/03\/Chauffage01-1.jpg 883w\" sizes=\"(max-width: 662px) 100vw, 662px\" \/><\/figure><div class=\"wp-block-media-text__content\">\n<p style=\"font-size:37px\"><em><strong>Installation<\/strong><\/em> <strong>&amp; D\u00e9pannage<\/strong><\/p>\n\n\n\n<div style=\"height:42px\" aria-hidden=\"true\" class=\"wp-block-spacer\"><\/div>\n\n\n\n<p style=\"font-size:15px\">Nous vous proposons des services relatifs \u00e0 l\u2019installation et le d\u00e9pannage de votre syst\u00e8me de chauffage. En tant que &nbsp;plombiers chauffagiste nous sommes habilit\u00e9s dans tout type de chauffage (<strong>chaudi\u00e8re gaz<\/strong>, <strong>chaudi\u00e8re fioul<\/strong>,  <strong>chaudi\u00e8re \u00e0 condensation<\/strong>, <strong>chaudi\u00e8re basse temp\u00e9rature<\/strong> etc&#8230;), ainsi que sur l&rsquo;ensemble des marques ( <strong>Frisquet<\/strong> , <strong>Viessmann<\/strong>, <strong>De Dietrich<\/strong>, <strong>Atlantic<\/strong>,<strong> Bosh<\/strong>, <strong>Sonia Duval<\/strong>, <strong>ELM Leblanc<\/strong>  etc&#8230;)<\/p>\n\n\n\n<p style=\"font-size:15px\">R\u00e9pondant \u00e0 tous vos besoins, nos solutions vous apporteront un r\u00e9el confort thermique et une \u00e9conomie consid\u00e9rable \u00e0 long terme.<\/p>\n<\/div><\/div>\n\n\n\n<div style=\"height:23px\" aria-hidden=\"true\" class=\"wp-block-spacer\"><\/div>\n\n\n\n<hr class=\"wp-block-separator is-style-default\"\/>\n\n\n\n<div style=\"height:35px\" aria-hidden=\"true\" class=\"wp-block-spacer\"><\/div>\n\n\n\n<div class=\"wp-block-media-text alignwide has-media-on-the-right is-stacked-on-mobile\" style=\"grid-template-columns:auto 20%\"><figure class=\"wp-block-media-text__media\"><img loading=\"lazy\" width=\"768\" height=\"1024\" src=\"http:\/\/entreprisefontaine-p2c.com\/wp-content\/uploads\/2021\/03\/chauffage02-768x1024.jpg\" alt=\"\" class=\"wp-image-342 size-full\" srcset=\"https:\/\/entreprisefontaine-p2c.com\/wp-content\/uploads\/2021\/03\/chauffage02-768x1024.jpg 768w, https:\/\/entreprisefontaine-p2c.com\/wp-content\/uploads\/2021\/03\/chauffage02-225x300.jpg 225w, https:\/\/entreprisefontaine-p2c.com\/wp-content\/uploads\/2021\/03\/chauffage02.jpg 1125w\" sizes=\"(max-width: 768px) 100vw, 768px\" \/><\/figure><div class=\"wp-block-media-text__content\">\n<p style=\"font-size:37px\"><em><strong>Maintenance<\/strong><\/em> <strong>&amp; Entretien<\/strong><\/p>\n\n\n\n<div style=\"height:38px\" aria-hidden=\"true\" class=\"wp-block-spacer\"><\/div>\n\n\n\n<p>Il est important de rappeler que l\u2019entretien de la chaudi\u00e8re\u00a0est <strong>obligatoire au moins une fois tous les ans<\/strong>. Cette op\u00e9ration est indispensable pour pr\u00e9venir l\u2019usure pr\u00e9matur\u00e9e de votre\u00a0installation. Elle permet \u00e9galement de diminuer les risques de fuites de gaz nocif (<em>Monoxyde de Carbone<\/em>) dans l\u2019air ambiant. Il ne faut pas oublier qu\u2019un <strong>chauffage bien entretenu <\/strong>est aussi plus<strong> \u00e9conome en \u00e9nergie<\/strong>.<\/p>\n\n\n\n<p>Vous pouvez compter sur nous pour les op\u00e9rations de d\u00e9tartrage, ramonage des conduits de fum\u00e9e, le nettoyage de la chaudi\u00e8re, l\u2019entretien des radiateurs et de tout autre dispositif constituant le circuit.<br>Lors des interventions, nous pouvons effectuer une r\u00e9vision compl\u00e8te et approfondie de votre installation pour&nbsp;<strong>garantir une meilleure s\u00e9curit\u00e9 d\u2019utilisation<\/strong>&nbsp;<strong>et pour \u00e9viter les pannes fr\u00e9quentes.<\/strong><\/p>\n<\/div><\/div>\n\n\n\n<div style=\"height:45px\" aria-hidden=\"true\" class=\"wp-block-spacer\"><\/div>\n\n\n\n<p>N&rsquo;h\u00e9sitez pas \u00e0 consulter nos pages sur le <a href=\"http:\/\/entreprisefontaine-p2c.com\/index.php\/climatisation\/\">climatisation<\/a> ou la<a href=\"http:\/\/entreprisefontaine-p2c.com\/index.php\/plomberie\/\"> plomberie<\/a> et \u00e0 partager notre page Facebook (<a href=\"https:\/\/www.facebook.com\/Entreprise-Fontaine-P2C-105455831581798\">Lien Page Facebook<\/a>)<\/p>\n","protected":false},"excerpt":{"rendered":"<p>N&rsquo;h\u00e9sitez pas \u00e0 consulter nos pages sur le climatisation ou la plomberie et \u00e0 partager notre page Facebook (Lien Page Facebook)<\/p>\n","protected":false},"author":1,"featured_media":0,"parent":0,"menu_order":0,"comment_status":"closed","ping_status":"closed","template":"","meta":[],"yoast_head":"<!-- This site is optimized with the Yoast SEO plugin v16.0.2 - https:\/\/yoast.com\/wordpress\/plugins\/seo\/ -->\n<title>Chauffage -<\/title>\n<link rel=\"canonical\" href=\"https:\/\/entreprisefontaine-p2c.com\/index.php\/chauffage\/\" \/>\n<meta property=\"og:locale\" content=\"fr_FR\" \/>\n<meta property=\"og:type\" content=\"article\" \/>\n<meta property=\"og:title\" content=\"Chauffage -\" \/>\n<meta property=\"og:description\" content=\"N&rsquo;h\u00e9sitez pas \u00e0 consulter nos pages sur le climatisation ou la plomberie et \u00e0 partager notre page Facebook (Lien Page Facebook)\" \/>\n<meta property=\"og:url\" content=\"https:\/\/entreprisefontaine-p2c.com\/index.php\/chauffage\/\" \/>\n<meta property=\"article:modified_time\" content=\"2021-03-24T17:47:38+00:00\" \/>\n<meta property=\"og:image\" content=\"http:\/\/entreprisefontaine-p2c.com\/wp-content\/uploads\/2021\/03\/Chauffage01-1-662x1024.jpg\" \/>\n<meta name=\"twitter:card\" content=\"summary_large_image\" \/>\n<meta name=\"twitter:label1\" content=\"Dur\u00e9e de lecture est.\">\n\t<meta name=\"twitter:data1\" content=\"2 minutes\">\n<script type=\"application\/ld+json\" class=\"yoast-schema-graph\">{\"@context\":\"https:\/\/schema.org\",\"@graph\":[{\"@type\":\"Organization\",\"@id\":\"http:\/\/entreprisefontaine-p2c.com\/#organization\",\"name\":\"EntrepriseFontaine-p2c\",\"url\":\"http:\/\/entreprisefontaine-p2c.com\/\",\"sameAs\":[],\"logo\":{\"@type\":\"ImageObject\",\"@id\":\"http:\/\/entreprisefontaine-p2c.com\/#logo\",\"inLanguage\":\"fr-FR\",\"url\":\"https:\/\/entreprisefontaine-p2c.com\/wp-content\/uploads\/2020\/10\/Logo-2.jpg\",\"width\":149,\"height\":70,\"caption\":\"EntrepriseFontaine-p2c\"},\"image\":{\"@id\":\"http:\/\/entreprisefontaine-p2c.com\/#logo\"}},{\"@type\":\"WebSite\",\"@id\":\"http:\/\/entreprisefontaine-p2c.com\/#website\",\"url\":\"http:\/\/entreprisefontaine-p2c.com\/\",\"name\":\"\",\"description\":\"\",\"publisher\":{\"@id\":\"http:\/\/entreprisefontaine-p2c.com\/#organization\"},\"potentialAction\":[{\"@type\":\"SearchAction\",\"target\":\"http:\/\/entreprisefontaine-p2c.com\/?s={search_term_string}\",\"query-input\":\"required name=search_term_string\"}],\"inLanguage\":\"fr-FR\"},{\"@type\":\"ImageObject\",\"@id\":\"https:\/\/entreprisefontaine-p2c.com\/index.php\/chauffage\/#primaryimage\",\"inLanguage\":\"fr-FR\",\"url\":\"http:\/\/entreprisefontaine-p2c.com\/wp-content\/uploads\/2021\/03\/Chauffage01-1-662x1024.jpg\"},{\"@type\":\"WebPage\",\"@id\":\"https:\/\/entreprisefontaine-p2c.com\/index.php\/chauffage\/#webpage\",\"url\":\"https:\/\/entreprisefontaine-p2c.com\/index.php\/chauffage\/\",\"name\":\"Chauffage -\",\"isPartOf\":{\"@id\":\"http:\/\/entreprisefontaine-p2c.com\/#website\"},\"primaryImageOfPage\":{\"@id\":\"https:\/\/entreprisefontaine-p2c.com\/index.php\/chauffage\/#primaryimage\"},\"datePublished\":\"2020-10-07T17:42:11+00:00\",\"dateModified\":\"2021-03-24T17:47:38+00:00\",\"breadcrumb\":{\"@id\":\"https:\/\/entreprisefontaine-p2c.com\/index.php\/chauffage\/#breadcrumb\"},\"inLanguage\":\"fr-FR\",\"potentialAction\":[{\"@type\":\"ReadAction\",\"target\":[\"https:\/\/entreprisefontaine-p2c.com\/index.php\/chauffage\/\"]}]},{\"@type\":\"BreadcrumbList\",\"@id\":\"https:\/\/entreprisefontaine-p2c.com\/index.php\/chauffage\/#breadcrumb\",\"itemListElement\":[{\"@type\":\"ListItem\",\"position\":1,\"item\":{\"@type\":\"WebPage\",\"@id\":\"http:\/\/entreprisefontaine-p2c.com\/\",\"url\":\"http:\/\/entreprisefontaine-p2c.com\/\",\"name\":\"Accueil\"}},{\"@type\":\"ListItem\",\"position\":2,\"item\":{\"@type\":\"WebPage\",\"@id\":\"https:\/\/entreprisefontaine-p2c.com\/index.php\/chauffage\/\",\"url\":\"https:\/\/entreprisefontaine-p2c.com\/index.php\/chauffage\/\",\"name\":\"Chauffage\"}}]}]}<\/script>\n<!-- \/ Yoast SEO plugin. -->","_links":{"self":[{"href":"https:\/\/entreprisefontaine-p2c.com\/index.php\/wp-json\/wp\/v2\/pages\/25"}],"collection":[{"href":"https:\/\/entreprisefontaine-p2c.com\/index.php\/wp-json\/wp\/v2\/pages"}],"about":[{"href":"https:\/\/entreprisefontaine-p2c.com\/index.php\/wp-json\/wp\/v2\/types\/page"}],"author":[{"embeddable":true,"href":"https:\/\/entreprisefontaine-p2c.com\/index.php\/wp-json\/wp\/v2\/users\/1"}],"replies":[{"embeddable":true,"href":"https:\/\/entreprisefontaine-p2c.com\/index.php\/wp-json\/wp\/v2\/comments?post=25"}],"version-history":[{"count":52,"href":"https:\/\/entreprisefontaine-p2c.com\/index.php\/wp-json\/wp\/v2\/pages\/25\/revisions"}],"predecessor-version":[{"id":434,"href":"https:\/\/entreprisefontaine-p2c.com\/index.php\/wp-json\/wp\/v2\/pages\/25\/revisions\/434"}],"wp:attachment":[{"href":"https:\/\/entreprisefontaine-p2c.com\/index.php\/wp-json\/wp\/v2\/media?parent=25"}],"curies":[{"name":"wp","href":"https:\/\/api.w.org\/{rel}","templated":true}]}}