{"id":24,"date":"2020-10-07T19:42:11","date_gmt":"2020-10-07T17:42:11","guid":{"rendered":"http:\/\/entreprisefontaine-p2c.com\/?page_id=24"},"modified":"2021-03-24T18:52:13","modified_gmt":"2021-03-24T17:52:13","slug":"climatisation","status":"publish","type":"page","link":"https:\/\/entreprisefontaine-p2c.com\/index.php\/climatisation\/","title":{"rendered":"Climatisation"},"content":{"rendered":"\n<div style=\"height:35px\" aria-hidden=\"true\" class=\"wp-block-spacer\"><\/div>\n\n\n\n<div class=\"wp-block-media-text alignwide is-stacked-on-mobile\" style=\"grid-template-columns:33% auto\"><figure class=\"wp-block-media-text__media\"><img loading=\"lazy\" width=\"768\" height=\"1024\" src=\"http:\/\/entreprisefontaine-p2c.com\/wp-content\/uploads\/2021\/03\/Climatisation01-768x1024.jpg\" alt=\"\" class=\"wp-image-343 size-full\" srcset=\"https:\/\/entreprisefontaine-p2c.com\/wp-content\/uploads\/2021\/03\/Climatisation01-768x1024.jpg 768w, https:\/\/entreprisefontaine-p2c.com\/wp-content\/uploads\/2021\/03\/Climatisation01-225x300.jpg 225w, https:\/\/entreprisefontaine-p2c.com\/wp-content\/uploads\/2021\/03\/Climatisation01.jpg 1125w\" sizes=\"(max-width: 768px) 100vw, 768px\" \/><\/figure><div class=\"wp-block-media-text__content\">\n<p style=\"font-size:38px\"><strong><em>Installation<\/em> &amp; Depannage<\/strong><\/p>\n\n\n\n<p>Nous vous proposons des services relatifs \u00e0 l\u2019installation et le d\u00e9pannage de votre syst\u00e8me de climatisation. Tenant compte de vos besoins, nous prenons en main les \u00e9tudes, d\u00e9terminons le type d\u2019installation ad\u00e9quat et effectuons les travaux (pose et mise en service des appareils). <\/p>\n\n\n\n<p>Nous intervenons sur tous types de b\u00e2timents, qu&rsquo;il s&rsquo;agisse d&rsquo;une r\u00e9sidence personnelle ou d&rsquo;un local professionnel.<\/p>\n\n\n\n<p><br>Disposant de larges comp\u00e9tences dans le domaine, nous vous garantissons la r\u00e9ussite de votre projet.<\/p>\n<\/div><\/div>\n\n\n\n<div style=\"height:20px\" aria-hidden=\"true\" class=\"wp-block-spacer\"><\/div>\n\n\n\n<hr class=\"wp-block-separator\"\/>\n\n\n\n<div style=\"height:35px\" aria-hidden=\"true\" class=\"wp-block-spacer\"><\/div>\n\n\n\n<div class=\"wp-block-media-text alignwide has-media-on-the-right is-stacked-on-mobile\" style=\"grid-template-columns:auto 36%\"><figure class=\"wp-block-media-text__media\"><img loading=\"lazy\" width=\"1024\" height=\"768\" src=\"http:\/\/entreprisefontaine-p2c.com\/wp-content\/uploads\/2021\/03\/Climatisation02-1024x768.jpg\" alt=\"\" class=\"wp-image-344 size-full\" srcset=\"https:\/\/entreprisefontaine-p2c.com\/wp-content\/uploads\/2021\/03\/Climatisation02-1024x768.jpg 1024w, https:\/\/entreprisefontaine-p2c.com\/wp-content\/uploads\/2021\/03\/Climatisation02-300x225.jpg 300w, https:\/\/entreprisefontaine-p2c.com\/wp-content\/uploads\/2021\/03\/Climatisation02-768x576.jpg 768w, https:\/\/entreprisefontaine-p2c.com\/wp-content\/uploads\/2021\/03\/Climatisation02.jpg 1125w\" sizes=\"(max-width: 1024px) 100vw, 1024px\" \/><\/figure><div class=\"wp-block-media-text__content\">\n<p style=\"font-size:42px\"><strong><em>Maintenance<\/em><\/strong> <strong>&amp;<\/strong> <strong>Entretien<\/strong><\/p>\n\n\n\n<p>Il est recommand\u00e9 de faire entretenir r\u00e9guli\u00e8rement votre installation afin de garder ses qualit\u00e9s optimales et pour garder propre votre climatiseur, car celui-ci peut vite devenir un lieu id\u00e9al pour la croissance des bact\u00e9ries s&rsquo;il n&rsquo;est pas entretenu. <\/p>\n\n\n\n<p>Une r\u00e8glementation fran\u00e7aise oblige les particuliers et les entreprises pour toutes les installations contenant <strong>plus de 2 kgs <\/strong>de fluides frigorig\u00e8nes (CFC, HCFC ou HFC) d&rsquo;avoir un <strong>contr\u00f4le p\u00e9riodique d&rsquo;\u00e9tanch\u00e9it\u00e9<\/strong> car ils peuvent contribuer \u00e0 la destruction de la couche d&rsquo;ozone. <\/p>\n\n\n\n<p>Ce contr\u00f4le doit \u00eatre r\u00e9alis\u00e9 par une entreprise titulaire d\u2019une attestation de capacit\u00e9, et suite \u00e0 ce contr\u00f4le, le frigoriste doit remettre un <strong>certificat d&rsquo;\u00e9tanch\u00e9it\u00e9 \u00e0 conserver<\/strong>. <\/p>\n\n\n\n<p>Nous vous proposons la souscription de notre contrat de maintenance. Cela permet d&rsquo;\u00e9viter les interventions en urgence o\u00f9 l&rsquo;attente sera plus longue.<br><\/p>\n\n\n\n<p>Notre contrat d&rsquo;entretien pr\u00e9voit :<br><\/p>\n\n\n\n<ul><li>Les visites r\u00e9guli\u00e8res \u00e0 p\u00e9riode d\u00e9finie d\u2019un technicien en froid et climatisation.<\/li><li>Contr\u00f4le de l\u2019\u00e9tanch\u00e9it\u00e9 des circuits frigorig\u00e8nes, split et conduits.<\/li><li>Contr\u00f4les \u00e9lectriques, Temp\u00e9rature, Pression HP \/ BP, r\u00e9gulation, condensats<\/li><li>V\u00e9rification des bacs \u00e0 condensats et pompe de relevage<\/li><li> Nettoyage des filtres<\/li><li>V\u00e9rification des \u00e9changeurs (Batteries)<\/li><li>V\u00e9rification des param\u00e8tres de fonctionnement et de la charge de fluide (R407C, R410A,&#8230;)<\/li><\/ul>\n\n\n\n<div style=\"height:45px\" aria-hidden=\"true\" class=\"wp-block-spacer\"><\/div>\n\n\n\n<p> N&rsquo;h\u00e9sitez pas \u00e0 consulter nos pages sur le <a href=\"http:\/\/entreprisefontaine-p2c.com\/index.php\/chauffage\/\">chauffage<\/a> ou la<a href=\"http:\/\/entreprisefontaine-p2c.com\/index.php\/plomberie\/\"> plomberie<\/a> et \u00e0 partager notre page Facebook (<a href=\"https:\/\/www.facebook.com\/Entreprise-Fontaine-P2C-105455831581798\">Lien Page Facebook<\/a>)<\/p>\n<\/div><\/div>\n\n\n\n<p><\/p>\n","protected":false},"excerpt":{"rendered":"<p>Installation &amp; Depannage Nous vous proposons des services relatifs \u00e0 l\u2019installation et le d\u00e9pannage de votre syst\u00e8me de climatisation. Tenant compte de vos besoins, nous prenons en main les \u00e9tudes, d\u00e9terminons le type d\u2019installation ad\u00e9quat et effectuons les travaux (pose et mise en service des appareils). Nous intervenons sur tous types de b\u00e2timents, qu&rsquo;il s&rsquo;agisse [&hellip;]<\/p>\n","protected":false},"author":1,"featured_media":0,"parent":0,"menu_order":0,"comment_status":"closed","ping_status":"closed","template":"","meta":[],"yoast_head":"<!-- This site is optimized with the Yoast SEO plugin v16.0.2 - https:\/\/yoast.com\/wordpress\/plugins\/seo\/ -->\n<title>Climatisation -<\/title>\n<link rel=\"canonical\" href=\"http:\/\/entreprisefontaine-p2c.com\/index.php\/climatisation\/\" \/>\n<meta property=\"og:locale\" content=\"fr_FR\" \/>\n<meta property=\"og:type\" content=\"article\" \/>\n<meta property=\"og:title\" content=\"Climatisation -\" \/>\n<meta property=\"og:description\" content=\"Installation &amp; Depannage Nous vous proposons des services relatifs \u00e0 l\u2019installation et le d\u00e9pannage de votre syst\u00e8me de climatisation. Tenant compte de vos besoins, nous prenons en main les \u00e9tudes, d\u00e9terminons le type d\u2019installation ad\u00e9quat et effectuons les travaux (pose et mise en service des appareils). Nous intervenons sur tous types de b\u00e2timents, qu&rsquo;il s&rsquo;agisse [&hellip;]\" \/>\n<meta property=\"og:url\" content=\"http:\/\/entreprisefontaine-p2c.com\/index.php\/climatisation\/\" \/>\n<meta property=\"article:modified_time\" content=\"2021-03-24T17:52:13+00:00\" \/>\n<meta property=\"og:image\" content=\"http:\/\/entreprisefontaine-p2c.com\/wp-content\/uploads\/2021\/03\/Climatisation01-768x1024.jpg\" \/>\n<meta name=\"twitter:card\" content=\"summary_large_image\" \/>\n<meta name=\"twitter:label1\" content=\"Dur\u00e9e de lecture est.\">\n\t<meta name=\"twitter:data1\" content=\"2 minutes\">\n<script type=\"application\/ld+json\" class=\"yoast-schema-graph\">{\"@context\":\"https:\/\/schema.org\",\"@graph\":[{\"@type\":\"Organization\",\"@id\":\"http:\/\/entreprisefontaine-p2c.com\/#organization\",\"name\":\"EntrepriseFontaine-p2c\",\"url\":\"http:\/\/entreprisefontaine-p2c.com\/\",\"sameAs\":[],\"logo\":{\"@type\":\"ImageObject\",\"@id\":\"http:\/\/entreprisefontaine-p2c.com\/#logo\",\"inLanguage\":\"fr-FR\",\"url\":\"https:\/\/entreprisefontaine-p2c.com\/wp-content\/uploads\/2020\/10\/Logo-2.jpg\",\"width\":149,\"height\":70,\"caption\":\"EntrepriseFontaine-p2c\"},\"image\":{\"@id\":\"http:\/\/entreprisefontaine-p2c.com\/#logo\"}},{\"@type\":\"WebSite\",\"@id\":\"http:\/\/entreprisefontaine-p2c.com\/#website\",\"url\":\"http:\/\/entreprisefontaine-p2c.com\/\",\"name\":\"\",\"description\":\"\",\"publisher\":{\"@id\":\"http:\/\/entreprisefontaine-p2c.com\/#organization\"},\"potentialAction\":[{\"@type\":\"SearchAction\",\"target\":\"http:\/\/entreprisefontaine-p2c.com\/?s={search_term_string}\",\"query-input\":\"required name=search_term_string\"}],\"inLanguage\":\"fr-FR\"},{\"@type\":\"ImageObject\",\"@id\":\"http:\/\/entreprisefontaine-p2c.com\/index.php\/climatisation\/#primaryimage\",\"inLanguage\":\"fr-FR\",\"url\":\"http:\/\/entreprisefontaine-p2c.com\/wp-content\/uploads\/2021\/03\/Climatisation01-768x1024.jpg\"},{\"@type\":\"WebPage\",\"@id\":\"http:\/\/entreprisefontaine-p2c.com\/index.php\/climatisation\/#webpage\",\"url\":\"http:\/\/entreprisefontaine-p2c.com\/index.php\/climatisation\/\",\"name\":\"Climatisation -\",\"isPartOf\":{\"@id\":\"http:\/\/entreprisefontaine-p2c.com\/#website\"},\"primaryImageOfPage\":{\"@id\":\"http:\/\/entreprisefontaine-p2c.com\/index.php\/climatisation\/#primaryimage\"},\"datePublished\":\"2020-10-07T17:42:11+00:00\",\"dateModified\":\"2021-03-24T17:52:13+00:00\",\"breadcrumb\":{\"@id\":\"http:\/\/entreprisefontaine-p2c.com\/index.php\/climatisation\/#breadcrumb\"},\"inLanguage\":\"fr-FR\",\"potentialAction\":[{\"@type\":\"ReadAction\",\"target\":[\"http:\/\/entreprisefontaine-p2c.com\/index.php\/climatisation\/\"]}]},{\"@type\":\"BreadcrumbList\",\"@id\":\"http:\/\/entreprisefontaine-p2c.com\/index.php\/climatisation\/#breadcrumb\",\"itemListElement\":[{\"@type\":\"ListItem\",\"position\":1,\"item\":{\"@type\":\"WebPage\",\"@id\":\"http:\/\/entreprisefontaine-p2c.com\/\",\"url\":\"http:\/\/entreprisefontaine-p2c.com\/\",\"name\":\"Accueil\"}},{\"@type\":\"ListItem\",\"position\":2,\"item\":{\"@type\":\"WebPage\",\"@id\":\"http:\/\/entreprisefontaine-p2c.com\/index.php\/climatisation\/\",\"url\":\"http:\/\/entreprisefontaine-p2c.com\/index.php\/climatisation\/\",\"name\":\"Climatisation\"}}]}]}<\/script>\n<!-- \/ Yoast SEO plugin. -->","_links":{"self":[{"href":"https:\/\/entreprisefontaine-p2c.com\/index.php\/wp-json\/wp\/v2\/pages\/24"}],"collection":[{"href":"https:\/\/entreprisefontaine-p2c.com\/index.php\/wp-json\/wp\/v2\/pages"}],"about":[{"href":"https:\/\/entreprisefontaine-p2c.com\/index.php\/wp-json\/wp\/v2\/types\/page"}],"author":[{"embeddable":true,"href":"https:\/\/entreprisefontaine-p2c.com\/index.php\/wp-json\/wp\/v2\/users\/1"}],"replies":[{"embeddable":true,"href":"https:\/\/entreprisefontaine-p2c.com\/index.php\/wp-json\/wp\/v2\/comments?post=24"}],"version-history":[{"count":34,"href":"https:\/\/entreprisefontaine-p2c.com\/index.php\/wp-json\/wp\/v2\/pages\/24\/revisions"}],"predecessor-version":[{"id":436,"href":"https:\/\/entreprisefontaine-p2c.com\/index.php\/wp-json\/wp\/v2\/pages\/24\/revisions\/436"}],"wp:attachment":[{"href":"https:\/\/entreprisefontaine-p2c.com\/index.php\/wp-json\/wp\/v2\/media?parent=24"}],"curies":[{"name":"wp","href":"https:\/\/api.w.org\/{rel}","templated":true}]}}